{"id":86,"date":"2015-01-28T11:47:38","date_gmt":"2015-01-28T09:47:38","guid":{"rendered":"http:\/\/veijoolli.net\/?page_id=86"},"modified":"2018-03-17T14:33:00","modified_gmt":"2018-03-17T12:33:00","slug":"radio","status":"publish","type":"page","link":"https:\/\/veijoolli.net\/?page_id=86","title":{"rendered":"Radio"},"content":{"rendered":"<p>Opetan Kansanl\u00e4hetyksen radio-ohjelmissa. Voit kuunnella opetuksia <a href=\"http:\/\/avaimia.net\" target=\"_blank\" rel=\"noopener\">avaimia.net<\/a> kanavalta allaolevista linkeist\u00e4 (uudet opetukset p\u00e4ivittyv\u00e4t automaattisesti, eli linkit ovat ajattomia)<\/p>\n<p><a href=\"http:\/\/avaimia.net\/category\/raamattuavain\/?s=veijo+olli&amp;submit=Haku\" target=\"_blank\" rel=\"noopener\">Raamattuavain ohjelman opetukset<\/a><\/p>\n<p><a href=\"http:\/\/avaimia.net\/category\/raamattubuffet\/?s=veijo+olli&amp;submit=Haku\" target=\"_blank\" rel=\"noopener\">Raamattubuffet ohjelman opetukset<\/a><\/p>\n<p><a href=\"http:\/\/avaimia.net\/category\/junioriavain\/?s=veijo+olli&amp;submit=Haku\" target=\"_blank\" rel=\"noopener\">Junioriavain ohjelman opetukset<\/a><\/p>\n<p>N\u00e4iden lis\u00e4ksi olen mukana monissa muissa <a href=\"http:\/\/avaimia.net\" target=\"_blank\" rel=\"noopener\">avaimia.net<\/a> kanavan sis\u00e4ll\u00f6ist\u00e4.<\/p>\n","protected":false},"excerpt":{"rendered":"<p>Opetan Kansanl\u00e4hetyksen radio-ohjelmissa. Voit kuunnella opetuksia avaimia.net kanavalta allaolevista linkeist\u00e4 (uudet opetukset p\u00e4ivittyv\u00e4t automaattisesti, eli linkit ovat ajattomia) Raamattuavain ohjelman opetukset Raamattubuffet ohjelman opetukset Junioriavain ohjelman opetukset N\u00e4iden lis\u00e4ksi olen mukana monissa muissa avaimia.net kanavan sis\u00e4ll\u00f6ist\u00e4.<\/p>\n","protected":false},"author":1,"featured_media":0,"parent":0,"menu_order":0,"comment_status":"open","ping_status":"open","template":"sidebar-page.php","meta":{"footnotes":""},"class_list":["post-86","page","type-page","status-publish","hentry"],"_links":{"self":[{"href":"https:\/\/veijoolli.net\/index.php?rest_route=\/wp\/v2\/pages\/86","targetHints":{"allow":["GET"]}}],"collection":[{"href":"https:\/\/veijoolli.net\/index.php?rest_route=\/wp\/v2\/pages"}],"about":[{"href":"https:\/\/veijoolli.net\/index.php?rest_route=\/wp\/v2\/types\/page"}],"author":[{"embeddable":true,"href":"https:\/\/veijoolli.net\/index.php?rest_route=\/wp\/v2\/users\/1"}],"replies":[{"embeddable":true,"href":"https:\/\/veijoolli.net\/index.php?rest_route=%2Fwp%2Fv2%2Fcomments&post=86"}],"version-history":[{"count":3,"href":"https:\/\/veijoolli.net\/index.php?rest_route=\/wp\/v2\/pages\/86\/revisions"}],"predecessor-version":[{"id":736,"href":"https:\/\/veijoolli.net\/index.php?rest_route=\/wp\/v2\/pages\/86\/revisions\/736"}],"wp:attachment":[{"href":"https:\/\/veijoolli.net\/index.php?rest_route=%2Fwp%2Fv2%2Fmedia&parent=86"}],"curies":[{"name":"wp","href":"https:\/\/api.w.org\/{rel}","templated":true}]}}